{"id":201,"date":"2022-02-19T17:33:29","date_gmt":"2022-02-19T14:33:29","guid":{"rendered":"https:\/\/erenkalipplastik.com\/en\/iletisim\/"},"modified":"2025-09-18T12:15:56","modified_gmt":"2025-09-18T09:15:56","slug":"contact","status":"publish","type":"page","link":"https:\/\/erenkalipplastik.com\/en\/contact\/","title":{"rendered":"CONTACT"},"content":{"rendered":"\n<style type=\"text\/css\" id=\"style-css-av-kzttswua-09a5df76198d965312020d28ca73b8bb\">\n.avia-section.av-kzttswua-09a5df76198d965312020d28ca73b8bb{\nbackground-color:#af0e0e;\n}\n<\/style>\n<div id='av_section_1'  class='avia-section av-kzttswua-09a5df76198d965312020d28ca73b8bb socket_color avia-section-default avia-no-border-styling  avia-builder-el-0  el_before_av_textblock  avia-builder-el-first  avia-bg-style-scroll  av-minimum-height av-minimum-height-custom  container_wrap sidebar_right'  ><div class='container av-section-cont-open' style='height:150px'><main  role=\"main\" itemprop=\"mainContentOfPage\"  class='template-page content  av-content-small alpha units'><div class='post-entry post-entry-type-page post-entry-201'><div class='entry-content-wrapper clearfix'>\n\n<style type=\"text\/css\" id=\"style-css-av-kzttvttl-8f13d623e3b85ed3639273d3676ff9ab\">\n#top .av-special-heading.av-kzttvttl-8f13d623e3b85ed3639273d3676ff9ab{\npadding-bottom:10px;\ncolor:#ffffff;\n}\n.av-special-heading.av-kzttvttl-8f13d623e3b85ed3639273d3676ff9ab .special-heading-inner-border{\nborder-color:#ffffff;\n}\n.av-special-heading.av-kzttvttl-8f13d623e3b85ed3639273d3676ff9ab .av-subheading{\nfont-size:15px;\ncolor:#ffffff;\n}\n<\/style>\n<div  class='av-special-heading av-kzttvttl-8f13d623e3b85ed3639273d3676ff9ab av-special-heading-h3 custom-color-heading blockquote modern-quote modern-centered  avia-builder-el-1  avia-builder-el-no-sibling  '><h3 class='av-special-heading-tag '  itemprop=\"headline\"  >Complementary solution for your mold and printing needs.<\/h3><div class='av_custom_color av-subheading av-subheading_below '><p>Design \u2013 Simulation \u2013 Mold \u2013 Production \u2013 Assembly<\/p>\n<\/div><div class='special-heading-border'><div class='special-heading-inner-border'><\/div><\/div><\/div>\n<\/div><\/div><\/main><!-- close content main element --><\/div><\/div><div id='after_section_1'  class='main_color av_default_container_wrap container_wrap sidebar_right'  ><div class='container av-section-cont-open' ><div class='template-page content  av-content-small alpha units'><div class='post-entry post-entry-type-page post-entry-201'><div class='entry-content-wrapper clearfix'>\n<section class=\"av_textblock_section \"  itemscope=\"itemscope\" itemtype=\"https:\/\/schema.org\/CreativeWork\" ><div class='avia_textblock  '   itemprop=\"text\" ><p><iframe loading=\"lazy\" style=\"border: 0;\" src=\"https:\/\/www.google.com\/maps\/embed?pb=!4v1758186855495!6m8!1m7!1swGLzKoaT5B2heRVlDNfhNg!2m2!1d41.07119755860059!2d28.79513723132447!3f208.64671!4f0!5f0.7820865974627469\" width=\"1200\" height=\"400\" allowfullscreen=\"allowfullscreen\"><\/iframe><\/p>\n<\/div><\/section>\n\n<style type=\"text\/css\" id=\"style-css-av-gj0m7-02debbbc1512d96691ecda07891f05c2\">\n#top .flex_column.av-gj0m7-02debbbc1512d96691ecda07891f05c2{\nborder-radius:0px;\n-webkit-border-radius:0px;\n-moz-border-radius:0px;\npadding:0px;\n}\n<\/style>\n<div class='flex_column av-gj0m7-02debbbc1512d96691ecda07891f05c2 av_one_half  avia-builder-el-3  el_after_av_textblock  el_before_av_one_half  first flex_column_div av-zero-column-padding column-top-margin'   ><p><article  class=\"iconbox iconbox_left av-kztygsmp-bb3ae1e620a2803d4ce279f1ec22c0ff  avia-builder-el-4  el_before_av_icon_box  avia-builder-el-first  \"  itemscope=\"itemscope\" itemtype=\"https:\/\/schema.org\/CreativeWork\" ><div class=\"iconbox_content\"><header class=\"entry-content-header\"><div class=\"iconbox_icon heading-color\" aria-hidden='true' data-av_icon='\ue841' data-av_iconfont='entypo-fontello'><\/div><h3 class='iconbox_content_title  '  itemprop=\"headline\" >CENTER<\/h3><\/header><div class='iconbox_content_container  '  itemprop=\"text\" ><p>Sinpa\u015f \u0130\u015f Modern B-17\u00a0 \u0130kitelli, Ba\u015fak\u015fehir \/ \u0130STANBUL &#8211; TURKEY<\/p>\n<\/div><\/div><footer class=\"entry-footer\"><\/footer><\/article><br \/>\n<article  class=\"iconbox iconbox_left av-kztyqdso-a8a4a2b224069ac6ff7d86919de19d7c  avia-builder-el-5  el_after_av_icon_box  el_before_av_icon_box  \"  itemscope=\"itemscope\" itemtype=\"https:\/\/schema.org\/CreativeWork\" ><div class=\"iconbox_content\"><header class=\"entry-content-header\"><div class=\"iconbox_icon heading-color\" aria-hidden='true' data-av_icon='\ue854' data-av_iconfont='entypo-fontello'><\/div><h3 class='iconbox_content_title  '  itemprop=\"headline\" >TELEPHONE<\/h3><\/header><div class='iconbox_content_container  '  itemprop=\"text\" ><p><a href=\"tel:00902125444919\">0090212 544 49 19<\/a><\/p>\n<\/div><\/div><footer class=\"entry-footer\"><\/footer><\/article><br \/>\n<article  class=\"iconbox iconbox_left av-kzwwh4td-2c635116883c8bdba739fe61b547b09c  avia-builder-el-6  el_after_av_icon_box  el_before_av_icon_box  \"  itemscope=\"itemscope\" itemtype=\"https:\/\/schema.org\/CreativeWork\" ><div class=\"iconbox_content\"><header class=\"entry-content-header\"><div class=\"iconbox_icon heading-color\" aria-hidden='true' data-av_icon='\uf232' data-av_iconfont='entypo-fontello'><\/div><h3 class='iconbox_content_title  '  itemprop=\"headline\" >WHATSAPP<\/h3><\/header><div class='iconbox_content_container  '  itemprop=\"text\" ><p><a href=\"https:\/\/wa.me\/+905325891286\">0090532 589 12 86<\/a> Ali Eren<\/p>\n<p><a href=\"https:\/\/wa.me\/+905448367299\">0090544 836 72 99<\/a> Ayhan Eren<\/p>\n<\/div><\/div><footer class=\"entry-footer\"><\/footer><\/article><br \/>\n<article  class=\"iconbox iconbox_left av-kztyruln-e8553272d5b310c1c9df6184fe99855d  avia-builder-el-7  el_after_av_icon_box  avia-builder-el-last  \"  itemscope=\"itemscope\" itemtype=\"https:\/\/schema.org\/CreativeWork\" ><div class=\"iconbox_content\"><header class=\"entry-content-header\"><div class=\"iconbox_icon heading-color\" aria-hidden='true' data-av_icon='\ue805' data-av_iconfont='entypo-fontello'><\/div><h3 class='iconbox_content_title  '  itemprop=\"headline\" >E-MAIL<\/h3><\/header><div class='iconbox_content_container  '  itemprop=\"text\" ><p>info@erenkalipplastik.com<\/p>\n<\/div><\/div><footer class=\"entry-footer\"><\/footer><\/article><\/p><\/div>\n<style type=\"text\/css\" id=\"style-css-av-bicrb-f4b6bb893452c03204e4dba9aa298a9c\">\n#top .flex_column.av-bicrb-f4b6bb893452c03204e4dba9aa298a9c{\nborder-radius:0px;\n-webkit-border-radius:0px;\n-moz-border-radius:0px;\npadding:0px;\n}\n<\/style>\n<div class='flex_column av-bicrb-f4b6bb893452c03204e4dba9aa298a9c av_one_half  avia-builder-el-8  el_after_av_one_half  avia-builder-el-last  flex_column_div av-zero-column-padding column-top-margin'   ><form action=\"https:\/\/erenkalipplastik.com\/en\/contact\/\" method=\"post\"  class=\"avia_ajax_form av-form-labels-visible   avia-builder-el-9  avia-builder-el-no-sibling   \" data-avia-form-id=\"1\" data-avia-redirect='' ><h3 class=''>Contact Form<\/h3><fieldset><p class='  first_form  form_element form_element_half' id='element_avia_1_1'><label for=\"avia_1_1\">Name Surname <abbr class=\"required\" title=\"required\">*<\/abbr><\/label> <input name=\"avia_1_1\" class=\"text_input is_empty\" type=\"text\" id=\"avia_1_1\" value=\"\" \/><\/p><p class='  form_element form_element_half' id='element_avia_2_1'><label for=\"avia_2_1\">Telephone <abbr class=\"required\" title=\"required\">*<\/abbr><\/label> <input name=\"avia_2_1\" class=\"text_input is_phone\" type=\"text\" id=\"avia_2_1\" value=\"\" \/><\/p><p class='  first_form  form_element form_element_half' id='element_avia_3_1'><label for=\"avia_3_1\">E-Mail<\/label> <input name=\"avia_3_1\" class=\"text_input \" type=\"text\" id=\"avia_3_1\" value=\"\" \/><\/p><p class='  form_element form_element_half' id='element_avia_4_1'><label for=\"avia_4_1\">Subject <abbr class=\"required\" title=\"required\">*<\/abbr><\/label> <input name=\"avia_4_1\" class=\"text_input is_empty\" type=\"text\" id=\"avia_4_1\" value=\"\" \/><\/p><p class='  first_form  form_element form_element_two_third av-last-visible-form-element' id='element_avia_5_1'><label for=\"avia_5_1\" class=\"textare_label hidden textare_label_avia_5_1\">Message <abbr class=\"required\" title=\"required\">*<\/abbr><\/label><textarea  name=\"avia_5_1\" class=\"text_area is_empty\" cols=\"40\" rows=\"7\" id=\"avia_5_1\" ><\/textarea><\/p><p class=\"hidden\"><input type=\"text\" name=\"avia_6_1\" class=\"hidden \" id=\"avia_6_1\" value=\"\" \/><\/p><p class=\"form_element form_element_third modified_width\"><input type=\"hidden\" value=\"1\" name=\"avia_generated_form1\" \/><input type=\"submit\" value=\"Submit\" class=\"button\"  data-sending-label=\"Sending\"\/><\/p><\/fieldset><\/form><div id=\"ajaxresponse_1\" class=\"ajaxresponse ajaxresponse_1 hidden\"><\/div><\/div><\/p>\n","protected":false},"excerpt":{"rendered":"","protected":false},"author":1,"featured_media":0,"parent":0,"menu_order":0,"comment_status":"closed","ping_status":"closed","template":"","meta":[],"_links":{"self":[{"href":"https:\/\/erenkalipplastik.com\/en\/wp-json\/wp\/v2\/pages\/201"}],"collection":[{"href":"https:\/\/erenkalipplastik.com\/en\/wp-json\/wp\/v2\/pages"}],"about":[{"href":"https:\/\/erenkalipplastik.com\/en\/wp-json\/wp\/v2\/types\/page"}],"author":[{"embeddable":true,"href":"https:\/\/erenkalipplastik.com\/en\/wp-json\/wp\/v2\/users\/1"}],"replies":[{"embeddable":true,"href":"https:\/\/erenkalipplastik.com\/en\/wp-json\/wp\/v2\/comments?post=201"}],"version-history":[{"count":9,"href":"https:\/\/erenkalipplastik.com\/en\/wp-json\/wp\/v2\/pages\/201\/revisions"}],"predecessor-version":[{"id":226,"href":"https:\/\/erenkalipplastik.com\/en\/wp-json\/wp\/v2\/pages\/201\/revisions\/226"}],"wp:attachment":[{"href":"https:\/\/erenkalipplastik.com\/en\/wp-json\/wp\/v2\/media?parent=201"}],"curies":[{"name":"wp","href":"https:\/\/api.w.org\/{rel}","templated":true}]}}